{"id":7413,"date":"2021-02-03T12:34:12","date_gmt":"2021-02-03T12:34:12","guid":{"rendered":"https:\/\/somo-tec.de\/?post_type=product&#038;p=7413"},"modified":"2021-02-03T12:38:14","modified_gmt":"2021-02-03T12:38:14","slug":"rapgard-f12q","status":"publish","type":"product","link":"https:\/\/somo-tec.de\/de\/produkt\/rapgard-f12q\/","title":{"rendered":"RAPGARD F12Q"},"content":{"rendered":"<h5 class=\"mkdf-st-text\">RAPGARD ist eine Oberfl\u00e4chenschutzfolie zum Schutz lackierter Metalloberfl\u00e4chen f\u00fcr Automobilanwendungen w\u00e4hrend der Lagerung und des Transports. RAPGARD wurde 1980 entwickelt und ist das wegweisende Produkt f\u00fcr den Hochglanz-Karosserie-Schutz von Kraftfahrzeugen.<br \/>\nDieses Produkt besteht aus einem wei\u00dfen PO-Film, der mit einem drucksensitiven Klebstoff auf Gummibasis beschichtet ist.<\/h5>\n","protected":false},"excerpt":{"rendered":"<h5 class=\"mkdf-st-text\">RAPGARD ist eine Oberfl\u00e4chenschutzfolie zum Schutz lackierter Metalloberfl\u00e4chen f\u00fcr Automobilanwendungen w\u00e4hrend der Lagerung und des Transports. RAPGARD wurde 1980 entwickelt und ist das wegweisende Produkt f\u00fcr den Hochglanz-Karosserie-Schutz von Kraftfahrzeugen.<br \/>\nDieses Produkt besteht aus einem wei\u00dfen PO-Film, der mit einem drucksensitiven Klebstoff auf Gummibasis beschichtet ist.<\/h5>\n","protected":false},"featured_media":7328,"comment_status":"closed","ping_status":"closed","template":"","meta":[],"product_brand":[],"product_cat":[164],"product_tag":[],"class_list":{"0":"post-7413","1":"product","2":"type-product","3":"status-publish","4":"has-post-thumbnail","6":"product_cat-schutzfolien","8":"first","9":"outofstock","10":"shipping-taxable","11":"purchasable","12":"product-type-variable"},"_links":{"self":[{"href":"https:\/\/somo-tec.de\/de\/wp-json\/wp\/v2\/product\/7413","targetHints":{"allow":["GET"]}}],"collection":[{"href":"https:\/\/somo-tec.de\/de\/wp-json\/wp\/v2\/product"}],"about":[{"href":"https:\/\/somo-tec.de\/de\/wp-json\/wp\/v2\/types\/product"}],"replies":[{"embeddable":true,"href":"https:\/\/somo-tec.de\/de\/wp-json\/wp\/v2\/comments?post=7413"}],"wp:featuredmedia":[{"embeddable":true,"href":"https:\/\/somo-tec.de\/de\/wp-json\/wp\/v2\/media\/7328"}],"wp:attachment":[{"href":"https:\/\/somo-tec.de\/de\/wp-json\/wp\/v2\/media?parent=7413"}],"wp:term":[{"taxonomy":"product_brand","embeddable":true,"href":"https:\/\/somo-tec.de\/de\/wp-json\/wp\/v2\/product_brand?post=7413"},{"taxonomy":"product_cat","embeddable":true,"href":"https:\/\/somo-tec.de\/de\/wp-json\/wp\/v2\/product_cat?post=7413"},{"taxonomy":"product_tag","embeddable":true,"href":"https:\/\/somo-tec.de\/de\/wp-json\/wp\/v2\/product_tag?post=7413"}],"curies":[{"name":"wp","href":"https:\/\/api.w.org\/{rel}","templated":true}]}}