{"id":7270,"date":"2020-12-22T10:18:22","date_gmt":"2020-12-22T10:18:22","guid":{"rendered":"https:\/\/somo-tec.de\/get-a-quote-vhb-and-spv\/"},"modified":"2023-04-03T21:17:01","modified_gmt":"2023-04-03T19:17:01","slug":"angebot-einholen-akrylatschaumklebebaender-and-spv","status":"publish","type":"page","link":"https:\/\/somo-tec.de\/de\/angebot-einholen-akrylatschaumklebebaender-and-spv\/","title":{"rendered":"Angebot einholen Akrylatschaumklebeb\u00e4nder and SPV"},"content":{"rendered":"<div class=\"wpb-content-wrapper\"><p>[vc_row row_content_width=&#8220;grid&#8220; row_btt_skin=&#8220;light&#8220; row_background_text_position=&#8220;front&#8220; css=&#8220;.vc_custom_1556102012797{padding-top: 96px !important;padding-bottom: 122px !important;}&#8220;][vc_column][vc_empty_space height=&#8220;26px&#8220;]<div class=\"mkdf-section-title-holder  mkdf-st-standard mkdf-st-title-left mkdf-st-normal-space \" >\n\t<div class=\"mkdf-st-inner\">\n                    <h6 class=\"mkdf-st-intro-title\" >\n                ONLINE FORM            <\/h6>\n        \t\t\t\t\t<h2 class=\"mkdf-st-title\" >\n\t\t\t\tAngebot einholen\t\t\t<\/h2>\n\t\t\t\t\t<\/div>\n<\/div>[vc_empty_space height=&#8220;26px&#8220;]<script type=\"text\/javascript\">if(!gform){document.addEventListener(\"gform_main_scripts_loaded\",function(){gform.scriptsLoaded=!0}),window.addEventListener(\"DOMContentLoaded\",function(){gform.domLoaded=!0});var gform={domLoaded:!1,scriptsLoaded:!1,initializeOnLoaded:function(o){gform.domLoaded&&gform.scriptsLoaded?o():!gform.domLoaded&&gform.scriptsLoaded?window.addEventListener(\"DOMContentLoaded\",o):document.addEventListener(\"gform_main_scripts_loaded\",o)},hooks:{action:{},filter:{}},addAction:function(o,n,r,t){gform.addHook(\"action\",o,n,r,t)},addFilter:function(o,n,r,t){gform.addHook(\"filter\",o,n,r,t)},doAction:function(o){gform.doHook(\"action\",o,arguments)},applyFilters:function(o){return gform.doHook(\"filter\",o,arguments)},removeAction:function(o,n){gform.removeHook(\"action\",o,n)},removeFilter:function(o,n,r){gform.removeHook(\"filter\",o,n,r)},addHook:function(o,n,r,t,i){null==gform.hooks[o][n]&&(gform.hooks[o][n]=[]);var e=gform.hooks[o][n];null==i&&(i=n+\"_\"+e.length),null==t&&(t=10),gform.hooks[o][n].push({tag:i,callable:r,priority:t})},doHook:function(o,n,r){if(r=Array.prototype.slice.call(r,1),null!=gform.hooks[o][n]){var t,i=gform.hooks[o][n];i.sort(function(o,n){return o.priority-n.priority});for(var e=0;e<i.length;e++)\"function\"!=typeof(t=i[e].callable)&&(t=window[t]),\"action\"==o?t.apply(null,r):r[0]=t.apply(null,r)}if(\"filter\"==o)return r[0]},removeHook:function(o,n,r,t){if(null!=gform.hooks[o][n])for(var i=gform.hooks[o][n],e=i.length-1;0<=e;e--)null!=t&&t!=i[e].tag||null!=r&&r!=i[e].priority||i.splice(e,1)}}}<\/script>\n                <div class='gf_browser_gecko gform_wrapper gform_legacy_markup_wrapper' id='gform_wrapper_2' ><form method='post' enctype='multipart\/form-data'  id='gform_2'  action='\/de\/wp-json\/wp\/v2\/pages\/7270' >\n                        <div class='gform_body gform-body'><ul id='gform_fields_2' class='gform_fields top_label form_sublabel_below description_below'><li id=\"field_2_1\" class=\"gfield gf_left_half gfield_contains_required field_sublabel_below field_description_below gfield_visibility_visible\" ><label class='gfield_label gfield_label_before_complex'  >Vorname<span class=\"gfield_required\"><span class=\"gfield_required gfield_required_asterisk\">*<\/span><\/span><\/label><div class='ginput_complex ginput_container no_prefix has_first_name no_middle_name no_last_name no_suffix gf_name_has_1 ginput_container_name' id='input_2_1'>\n                            \n                            <span id='input_2_1_3_container' class='name_first' >\n                                                    <input type='text' name='input_1.3' id='input_2_1_3' value='' aria-label='Vorname'   aria-required='true'     \/>\n                                                    <label for='input_2_1_3' >\u200e<\/label>\n                                                <\/span>\n                            \n                            \n                            \n                        <\/div><\/li><li id=\"field_2_18\" class=\"gfield gf_right_half gfield_contains_required field_sublabel_below field_description_below gfield_visibility_visible\" ><label class='gfield_label gfield_label_before_complex'  >\u200e Nachname<span class=\"gfield_required\"><span class=\"gfield_required gfield_required_asterisk\">*<\/span><\/span><\/label><div class='ginput_complex ginput_container no_prefix no_first_name no_middle_name has_last_name no_suffix gf_name_has_1 ginput_container_name' id='input_2_18'>\n                            \n                            \n                            \n                            <span id='input_2_18_6_container' class='name_last' >\n                                                    <input type='text' name='input_18.6' id='input_2_18_6' value='' aria-label='Nachname'   aria-required='true'     \/>\n                                                    <label for='input_2_18_6' >\u200e<\/label>\n                                                <\/span>\n                            \n                        <\/div><\/li><li id=\"field_2_2\" class=\"gfield gf_left_half gfield_contains_required field_sublabel_below field_description_below gfield_visibility_visible\" ><label class='gfield_label' for='input_2_2' >E-Mail Adresse<span class=\"gfield_required\"><span class=\"gfield_required gfield_required_asterisk\">*<\/span><\/span><\/label><div class='ginput_container ginput_container_email'>\n                            <input name='input_2' id='input_2_2' type='text' value='' class='medium'    aria-required=\"true\" aria-invalid=\"false\"  \/>\n                        <\/div><\/li><li id=\"field_2_19\" class=\"gfield gfield--width-full gf_right_half gfield_contains_required field_sublabel_below field_description_below gfield_visibility_visible\" ><label class='gfield_label' for='input_2_19' >Phone<span class=\"gfield_required\"><span class=\"gfield_required gfield_required_asterisk\">*<\/span><\/span><\/label><div class='ginput_container ginput_container_text'><input name='input_19' id='input_2_19' type='text' value='' class='large'     aria-required=\"true\" aria-invalid=\"false\"   \/> <\/div><\/li><li id=\"field_2_4\" class=\"gfield gf_left_half gfield_contains_required field_sublabel_below field_description_below gfield_visibility_visible\" ><label class='gfield_label' for='input_2_4' >Firma<span class=\"gfield_required\"><span class=\"gfield_required gfield_required_asterisk\">*<\/span><\/span><\/label><div class='ginput_container ginput_container_text'><input name='input_4' id='input_2_4' type='text' value='' class='medium'     aria-required=\"true\" aria-invalid=\"false\"   \/> <\/div><\/li><li id=\"field_2_6\" class=\"gfield gf_right_half gfield_contains_required field_sublabel_hidden_label field_description_below gfield_visibility_visible\" ><label class='gfield_label gfield_label_before_complex'  >Ort<span class=\"gfield_required\"><span class=\"gfield_required gfield_required_asterisk\">*<\/span><\/span><\/label>    \n                    <div class='ginput_complex ginput_container has_country ginput_container_address' id='input_2_6' >\n                        <input type='hidden' class='gform_hidden' name='input_6.4' id='input_2_6_4' value=''\/><span class='ginput_left address_country ginput_address_country' id='input_2_6_6_container' >\n                                        <select name='input_6.6' id='input_2_6_6'   aria-required='true'    ><option value='' selected='selected'><\/option><option value='Afghanistan' >Afghanistan<\/option><option value='Albanien' >Albanien<\/option><option value='Algerien' >Algerien<\/option><option value='Amerikanisch-Samoa' >Amerikanisch-Samoa<\/option><option value='Amerikanische Jungferninseln' >Amerikanische Jungferninseln<\/option><option value='Andorra' >Andorra<\/option><option value='Angola' >Angola<\/option><option value='Anguilla' >Anguilla<\/option><option value='Antarktis' >Antarktis<\/option><option value='Antigua und Barbuda' >Antigua und Barbuda<\/option><option value='Argentinien' >Argentinien<\/option><option value='Armenien' >Armenien<\/option><option value='Aruba' >Aruba<\/option><option value='Aserbaidschan' >Aserbaidschan<\/option><option value='Australien' >Australien<\/option><option value='Bahamas' >Bahamas<\/option><option value='Bahrain' >Bahrain<\/option><option value='Bangladesh' >Bangladesh<\/option><option value='Barbados' >Barbados<\/option><option value='Belgien' >Belgien<\/option><option value='Belize' >Belize<\/option><option value='Benin' >Benin<\/option><option value='Bermuda' >Bermuda<\/option><option value='Bhutan' >Bhutan<\/option><option value='Bolivien' >Bolivien<\/option><option value='Bosnien und Herzegowina' >Bosnien und Herzegowina<\/option><option value='Botswana' >Botswana<\/option><option value='Bouvetinsel' >Bouvetinsel<\/option><option value='Brasilien' >Brasilien<\/option><option value='Britische Jungferninseln' >Britische Jungferninseln<\/option><option value='Britisches Territorium im Indischen Ozean' >Britisches Territorium im Indischen Ozean<\/option><option value='Brunei Darussalam' >Brunei Darussalam<\/option><option value='Bulgarien' >Bulgarien<\/option><option value='Burkina Faso' >Burkina Faso<\/option><option value='Burundi' >Burundi<\/option><option value='Caymen Inseln' >Caymen Inseln<\/option><option value='Chile' >Chile<\/option><option value='China' >China<\/option><option value='Cookinseln' >Cookinseln<\/option><option value='Costa Rica' >Costa Rica<\/option><option value='Cura\u00e7ao' >Cura\u00e7ao<\/option><option value='C\u00f4te d&#039;Ivoire' >C\u00f4te d&#039;Ivoire<\/option><option value='Demokratische Volksrepublik Laos' >Demokratische Volksrepublik Laos<\/option><option value='Deutschland' >Deutschland<\/option><option value='Djibouti' >Djibouti<\/option><option value='Dominica' >Dominica<\/option><option value='Dominikanische Republik' >Dominikanische Republik<\/option><option value='D\u00e4nemark' >D\u00e4nemark<\/option><option value='Ecuador' >Ecuador<\/option><option value='El Salvador' >El Salvador<\/option><option value='Eritrea' >Eritrea<\/option><option value='Estland' >Estland<\/option><option value='Falklandinseln' >Falklandinseln<\/option><option value='Fidschi' >Fidschi<\/option><option value='Finnland' >Finnland<\/option><option value='Frankreich' >Frankreich<\/option><option value='Franz\u00f6sisch-Guayana' >Franz\u00f6sisch-Guayana<\/option><option value='Franz\u00f6sisch-Polynesien' >Franz\u00f6sisch-Polynesien<\/option><option value='Franz\u00f6sische S\u00fcd- und Antarktisgebiete' >Franz\u00f6sische S\u00fcd- und Antarktisgebiete<\/option><option value='Futuna (Wallis und Futuna)' >Futuna (Wallis und Futuna)<\/option><option value='F\u00e4r\u00f6er-Inseln' >F\u00e4r\u00f6er-Inseln<\/option><option value='Gabun' >Gabun<\/option><option value='Gambia' >Gambia<\/option><option value='Georgia' >Georgia<\/option><option value='Ghana' >Ghana<\/option><option value='Gibraltar' >Gibraltar<\/option><option value='Grenada' >Grenada<\/option><option value='Griechenland' >Griechenland<\/option><option value='Gro\u00dfbritannien' >Gro\u00dfbritannien<\/option><option value='Gr\u00f6nland' >Gr\u00f6nland<\/option><option value='Guadeloupe' >Guadeloupe<\/option><option value='Guam' >Guam<\/option><option value='Guatemala' >Guatemala<\/option><option value='Guernsey' >Guernsey<\/option><option value='Guinea' >Guinea<\/option><option value='Guinea-Bissau' >Guinea-Bissau<\/option><option value='Guyana' >Guyana<\/option><option value='Haiti' >Haiti<\/option><option value='Heard und McDonaldinseln' >Heard und McDonaldinseln<\/option><option value='Heiliger Stuhl' >Heiliger Stuhl<\/option><option value='Honduras' >Honduras<\/option><option value='Hongkong' >Hongkong<\/option><option value='Indien' >Indien<\/option><option value='Indonesien' >Indonesien<\/option><option value='Irak' >Irak<\/option><option value='Iran' >Iran<\/option><option value='Irland' >Irland<\/option><option value='Island' >Island<\/option><option value='Isle of Man' >Isle of Man<\/option><option value='Israel' >Israel<\/option><option value='Italien' >Italien<\/option><option value='Jamaika' >Jamaika<\/option><option value='Japan' >Japan<\/option><option value='Jemen' >Jemen<\/option><option value='Jersey' >Jersey<\/option><option value='Jordanien' >Jordanien<\/option><option value='Kambodscha' >Kambodscha<\/option><option value='Kamerun' >Kamerun<\/option><option value='Kanada' >Kanada<\/option><option value='Kap Verde' >Kap Verde<\/option><option value='Karibische Niederlande' >Karibische Niederlande<\/option><option value='Kasachstan' >Kasachstan<\/option><option value='Katar' >Katar<\/option><option value='Kenia' >Kenia<\/option><option value='Kirgistan' >Kirgistan<\/option><option value='Kiribati' >Kiribati<\/option><option value='Kokosinseln' >Kokosinseln<\/option><option value='Kolumbien' >Kolumbien<\/option><option value='Komoren' >Komoren<\/option><option value='Kongo, Demokratische Republik des' >Kongo, Demokratische Republik des<\/option><option value='Kongo, Republik des' >Kongo, Republik des<\/option><option value='Kroatien' >Kroatien<\/option><option value='Kuba' >Kuba<\/option><option value='Kuwait' >Kuwait<\/option><option value='K\u00f6nigreich Eswatini (Swasiland)' >K\u00f6nigreich Eswatini (Swasiland)<\/option><option value='Lesotho' >Lesotho<\/option><option value='Lettland' >Lettland<\/option><option value='Libanon' >Libanon<\/option><option value='Liberia' >Liberia<\/option><option value='Libyen' >Libyen<\/option><option value='Liechtenstein' >Liechtenstein<\/option><option value='Litauen' >Litauen<\/option><option value='Luxemburg' >Luxemburg<\/option><option value='Macao' >Macao<\/option><option value='Madagaskar' >Madagaskar<\/option><option value='Malawi' >Malawi<\/option><option value='Malaysia' >Malaysia<\/option><option value='Malediven' >Malediven<\/option><option value='Mali' >Mali<\/option><option value='Malta' >Malta<\/option><option value='Marokko' >Marokko<\/option><option value='Marshall-Inseln' >Marshall-Inseln<\/option><option value='Martinique' >Martinique<\/option><option value='Mauretanien' >Mauretanien<\/option><option value='Mauritius' >Mauritius<\/option><option value='Mayotte' >Mayotte<\/option><option value='Mazedonien' >Mazedonien<\/option><option value='Mexiko' >Mexiko<\/option><option value='Mikronesien' >Mikronesien<\/option><option value='Moldawien' >Moldawien<\/option><option value='Monaco' >Monaco<\/option><option value='Mongolei' >Mongolei<\/option><option value='Montenegro' >Montenegro<\/option><option value='Montserrat' >Montserrat<\/option><option value='Mosambik' >Mosambik<\/option><option value='Myanmar' >Myanmar<\/option><option value='Namibia' >Namibia<\/option><option value='Nauru' >Nauru<\/option><option value='Nepal' >Nepal<\/option><option value='Neukaledonien' >Neukaledonien<\/option><option value='Neuseeland' >Neuseeland<\/option><option value='Nicaragua' >Nicaragua<\/option><option value='Niederlande' >Niederlande<\/option><option value='Niger' >Niger<\/option><option value='Nigeria' >Nigeria<\/option><option value='Niue' >Niue<\/option><option value='Nordkorea (Volksrepublik)' >Nordkorea (Volksrepublik)<\/option><option value='Norfolkinsel' >Norfolkinsel<\/option><option value='Norwegen' >Norwegen<\/option><option value='N\u00f6rdliche Marianen' >N\u00f6rdliche Marianen<\/option><option value='Oman' >Oman<\/option><option value='Osttimor' >Osttimor<\/option><option value='Pakistan' >Pakistan<\/option><option value='Palau' >Palau<\/option><option value='Pal\u00e4stina, Bundesstaat' >Pal\u00e4stina, Bundesstaat<\/option><option value='Panama' >Panama<\/option><option value='Papua Neu Guinea' >Papua Neu Guinea<\/option><option value='Paraguay' >Paraguay<\/option><option value='Peru' >Peru<\/option><option value='Philippinen' >Philippinen<\/option><option value='Pitcairninseln' >Pitcairninseln<\/option><option value='Polen' >Polen<\/option><option value='Portugal' >Portugal<\/option><option value='Puerto Rico' >Puerto Rico<\/option><option value='Ruanda' >Ruanda<\/option><option value='Rum\u00e4nien' >Rum\u00e4nien<\/option><option value='Russland' >Russland<\/option><option value='R\u00e9union' >R\u00e9union<\/option><option value='S&uuml;dgeorgien' >S&uuml;dgeorgien<\/option><option value='Saint-Barth\u00e9lemy' >Saint-Barth\u00e9lemy<\/option><option value='Saint-Pierre und Miquelon' >Saint-Pierre und Miquelon<\/option><option value='Salomonen' >Salomonen<\/option><option value='Sambia' >Sambia<\/option><option value='Samoa' >Samoa<\/option><option value='San Marino' >San Marino<\/option><option value='Saudi-Arabien' >Saudi-Arabien<\/option><option value='Schweden' >Schweden<\/option><option value='Schweiz' >Schweiz<\/option><option value='Senegal' >Senegal<\/option><option value='Serbien' >Serbien<\/option><option value='Seychellen' >Seychellen<\/option><option value='Sierra Leone' >Sierra Leone<\/option><option value='Simbabwe' >Simbabwe<\/option><option value='Singapur' >Singapur<\/option><option value='Sint Maarten' >Sint Maarten<\/option><option value='Slovenien' >Slovenien<\/option><option value='Slowakei' >Slowakei<\/option><option value='Somalia' >Somalia<\/option><option value='Spanien' >Spanien<\/option><option value='Spitzbergen' >Spitzbergen<\/option><option value='Sri Lanka' >Sri Lanka<\/option><option value='St. Helena' >St. Helena<\/option><option value='St. Kitts und Nevis' >St. Kitts und Nevis<\/option><option value='St. Lucia' >St. Lucia<\/option><option value='St. Martin' >St. Martin<\/option><option value='St. Vincent und die Grenadinen' >St. Vincent und die Grenadinen<\/option><option value='Sudan' >Sudan<\/option><option value='Surinam' >Surinam<\/option><option value='Syrien' >Syrien<\/option><option value='S\u00e3o Tom\u00e9 und Pr\u00edncipe' >S\u00e3o Tom\u00e9 und Pr\u00edncipe<\/option><option value='S\u00fcdafrika' >S\u00fcdafrika<\/option><option value='S\u00fcdkorea' >S\u00fcdkorea<\/option><option value='S\u00fcdsudan' >S\u00fcdsudan<\/option><option value='Tadschikistan' >Tadschikistan<\/option><option value='Taiwan' >Taiwan<\/option><option value='Tanzania' >Tanzania<\/option><option value='Thailand' >Thailand<\/option><option value='Togo' >Togo<\/option><option value='Tokelau' >Tokelau<\/option><option value='Tonga' >Tonga<\/option><option value='Trinidad und Tobago' >Trinidad und Tobago<\/option><option value='Tschad' >Tschad<\/option><option value='Tschechische Republik' >Tschechische Republik<\/option><option value='Tunesien' >Tunesien<\/option><option value='Turkmenistan' >Turkmenistan<\/option><option value='Turks- und Caicosinseln' >Turks- und Caicosinseln<\/option><option value='Tuvalu' >Tuvalu<\/option><option value='T\u00fcrkei' >T\u00fcrkei<\/option><option value='U.S.A.' >U.S.A.<\/option><option value='US Minor Outlying Islands' >US Minor Outlying Islands<\/option><option value='Uganda' >Uganda<\/option><option value='Ukraine' >Ukraine<\/option><option value='Ungarn' >Ungarn<\/option><option value='Uruguay' >Uruguay<\/option><option value='Usbekistan' >Usbekistan<\/option><option value='Vanuatu' >Vanuatu<\/option><option value='Venezuela' >Venezuela<\/option><option value='Vereinigte Arabische Emirate' >Vereinigte Arabische Emirate<\/option><option value='Vietnam' >Vietnam<\/option><option value='Weihnachtsinsel' >Weihnachtsinsel<\/option><option value='Wei\u00dfrussland' >Wei\u00dfrussland<\/option><option value='Westsahara' >Westsahara<\/option><option value='Zentralafrikanische Republik' >Zentralafrikanische Republik<\/option><option value='Zypern' >Zypern<\/option><option value='\u00c4gypten' >\u00c4gypten<\/option><option value='\u00c4quatorial Guinea' >\u00c4quatorial Guinea<\/option><option value='\u00c4thopien' >\u00c4thopien<\/option><option value='\u00c5landinseln' >\u00c5landinseln<\/option><option value='\u00d6sterreich' >\u00d6sterreich<\/option><\/select>\n                                        <label for='input_2_6_6' id='input_2_6_6_label' class='hidden_sub_label screen-reader-text'>\u200e<\/label>\n                                    <\/span>\n                    <div class='gf_clear gf_clear_complex'><\/div>\n                <\/div><\/li><li id=\"field_2_8\" class=\"gfield field_sublabel_below field_description_below gfield_visibility_visible\" ><label class='gfield_label' for='input_2_8' >Erz\u00e4hlen Sie uns mehr \u00fcber Ihr Projekt<\/label><div class='ginput_container ginput_container_textarea'><textarea name='input_8' id='input_2_8' class='textarea medium'      aria-invalid=\"false\"   rows='10' cols='50'><\/textarea><\/div><\/li><\/ul><\/div>\n        <div class='gform_footer top_label'> <input type='submit' id='gform_submit_button_2' class='gform_button button' value='Senden'  onclick='if(window[\"gf_submitting_2\"]){return false;}  window[\"gf_submitting_2\"]=true;  ' onkeypress='if( event.keyCode == 13 ){ if(window[\"gf_submitting_2\"]){return false;} window[\"gf_submitting_2\"]=true;  jQuery(\"#gform_2\").trigger(\"submit\",[true]); }' \/> \n            <input type='hidden' class='gform_hidden' name='is_submit_2' value='1' \/>\n            <input type='hidden' class='gform_hidden' name='gform_submit' value='2' \/>\n            \n            <input type='hidden' class='gform_hidden' name='gform_unique_id' value='' \/>\n            <input type='hidden' class='gform_hidden' name='state_2' value='WyJbXSIsIjdkN2ExZDBlZWZjNmY0NmEwYjk5ODg2MTc1MWQ0MjY1Il0=' \/>\n            <input type='hidden' class='gform_hidden' name='gform_target_page_number_2' id='gform_target_page_number_2' value='0' \/>\n            <input type='hidden' class='gform_hidden' name='gform_source_page_number_2' id='gform_source_page_number_2' value='1' \/>\n            <input type='hidden' name='gform_field_values' value='' \/>\n            \n        <\/div>\n                        <\/form>\n                        <\/div>[\/vc_column][\/vc_row]<\/p>\n<\/div>","protected":false},"excerpt":{"rendered":"<p>[vc_row row_content_width=&#8220;grid&#8220; row_btt_skin=&#8220;light&#8220; row_background_text_position=&#8220;front&#8220; css=&#8220;.vc_custom_1556102012797{padding-top: 96px !important;padding-bottom: 122px !important;}&#8220;][vc_column][vc_empty_space height=&#8220;26px&#8220;][vc_empty_space height=&#8220;26px&#8220;][\/vc_column][\/vc_row]<\/p>\n","protected":false},"author":1,"featured_media":0,"parent":0,"menu_order":0,"comment_status":"closed","ping_status":"closed","template":"full-width.php","meta":{"footnotes":""},"class_list":["post-7270","page","type-page","status-publish","hentry"],"_links":{"self":[{"href":"https:\/\/somo-tec.de\/de\/wp-json\/wp\/v2\/pages\/7270","targetHints":{"allow":["GET"]}}],"collection":[{"href":"https:\/\/somo-tec.de\/de\/wp-json\/wp\/v2\/pages"}],"about":[{"href":"https:\/\/somo-tec.de\/de\/wp-json\/wp\/v2\/types\/page"}],"author":[{"embeddable":true,"href":"https:\/\/somo-tec.de\/de\/wp-json\/wp\/v2\/users\/1"}],"replies":[{"embeddable":true,"href":"https:\/\/somo-tec.de\/de\/wp-json\/wp\/v2\/comments?post=7270"}],"version-history":[{"count":6,"href":"https:\/\/somo-tec.de\/de\/wp-json\/wp\/v2\/pages\/7270\/revisions"}],"predecessor-version":[{"id":7724,"href":"https:\/\/somo-tec.de\/de\/wp-json\/wp\/v2\/pages\/7270\/revisions\/7724"}],"wp:attachment":[{"href":"https:\/\/somo-tec.de\/de\/wp-json\/wp\/v2\/media?parent=7270"}],"curies":[{"name":"wp","href":"https:\/\/api.w.org\/{rel}","templated":true}]}}