{"id":7176,"date":"2020-11-24T11:02:05","date_gmt":"2020-11-24T11:02:05","guid":{"rendered":"https:\/\/somo-tec.de\/application-systems\/"},"modified":"2022-01-24T11:45:33","modified_gmt":"2022-01-24T11:45:33","slug":"applikatonssysteme","status":"publish","type":"page","link":"https:\/\/somo-tec.de\/de\/applikatonssysteme\/","title":{"rendered":"Applikationssysteme"},"content":{"rendered":"<div class=\"wpb-content-wrapper\"><p>[vc_row row_content_width=&#8220;grid&#8220; row_btt_skin=&#8220;light&#8220; enable_bg_pattern=&#8220;yes&#8220; row_background_text_position=&#8220;front&#8220; row_skin=&#8220;dark&#8220; css=&#8220;.vc_custom_1556099311357{padding-top: 40px !important;padding-bottom: 50px !important;}&#8220;][vc_column offset=&#8220;vc_col-lg-offset-0 vc_col-lg-12 vc_col-md-offset-0 vc_col-md-12 vc_col-sm-offset-0&#8243;]<div class=\"mkdf-elements-holder responsivemobile  mkdf-two-columns  mkdf-responsive-mode-1024 \" ><div class=\"mkdf-eh-item    \"  data-item-class=\"mkdf-eh-custom-8577\" data-1367-1600=\"0px 10px 0 0px\" data-1025-1366=\"0px 0px 0 0px\" data-769-1024=\"0px 0px 0 0px\" data-681-768=\"0px 0px 0 0px\" data-680=\"0px 0px 0 0px\">\n\t<div class=\"mkdf-eh-item-inner\">\n\t\t<div class=\"mkdf-eh-item-content mkdf-eh-custom-8577\" style=\"padding: 0 0 0 0\">\n\t\t\t<div class=\"mkdf-single-image-holder   \">\n    <div class=\"mkdf-si-inner\" >\n                                    <img loading=\"lazy\" decoding=\"async\" width=\"800\" height=\"700\" src=\"https:\/\/somo-tec.de\/wp-content\/uploads\/2020\/11\/manual-application-systems.jpg\" class=\"attachment-full size-full\" alt=\"\" srcset=\"https:\/\/somo-tec.de\/wp-content\/uploads\/2020\/11\/manual-application-systems.jpg 800w, https:\/\/somo-tec.de\/wp-content\/uploads\/2020\/11\/manual-application-systems-300x263.jpg 300w, https:\/\/somo-tec.de\/wp-content\/uploads\/2020\/11\/manual-application-systems-768x672.jpg 768w\" sizes=\"auto, (max-width: 800px) 100vw, 800px\" \/>                        <\/div>\n<\/div>\t\t<\/div>\n\t<\/div>\n<\/div><div class=\"mkdf-eh-item    \"  data-item-class=\"mkdf-eh-custom-7882\" data-1367-1600=\"0px 120px 8px 50px\" data-1025-1366=\"0px 21px 4px 40px\" data-769-1024=\"57px 260px 0 0px\" data-681-768=\"57px 120px 0 0px\" data-680=\"57px 0px 0 0px\">\n\t<div class=\"mkdf-eh-item-inner\">\n\t\t<div class=\"mkdf-eh-item-content mkdf-eh-custom-7882\" style=\"padding: 0px 90px 8px 80px\">\n\t\t\t<div class=\"mkdf-section-title-holder  mkdf-st-standard mkdf-st-title-left mkdf-st-normal-space \" >\n\t<div class=\"mkdf-st-inner\">\n                    <h6 class=\"mkdf-st-intro-title\" style=\"color: #565969\">\n                QUALIT\u00c4T &amp; EFFIZIENZ            <\/h6>\n        \t\t\t\t\t<h2 class=\"mkdf-st-title\" >\n\t\t\t\tManuelle Applikationssysteme<br \/>\t\t\t<\/h2>\n\t\t\t\t\t\t\t<h5 class=\"mkdf-st-text\" style=\"color: #565969;font-size: 18px;line-height: 26px;font-weight: 400;margin-top: 21px\">\n\t\t\t\tUnsere patentierten SOMOMATIC-Applikationsvorrichtungen sind arbeitssparende Vorrichtungen, die die Produktionszeit und die Ausschussrate reduzieren.<br \/>\nDie f\u00fcr Verkleidungsteile ma\u00dfgeschneiderten Vorrichtungen optimieren den Folienauftragsprozess und erhalten die Qualit\u00e4t des Endprodukts. Unsere SOMOMATIC Hybrid-Systeme sind besonders beliebt bei Doppelteilkonfigurationen, bei denen 1 Bediener vorgeschnittene perforierte Folie gleichzeitig ohne Falten und Blasen auf 2 Teile (normalerweise linke und rechte Hand) auftragen kann.<br \/>\nDadurch wird eine gleichbleibende Wiederholbarkeit der Filmapplikation innerhalb der angegebenen Toleranzen erreicht.\t\t\t<\/h5>\n\t\t\t<\/div>\n<\/div>[vc_empty_space]\t\t<\/div>\n\t<\/div>\n<\/div><\/div>[\/vc_column][\/vc_row][vc_row row_content_width=&#8220;grid&#8220; row_btt_skin=&#8220;light&#8220; content_text_aligment=&#8220;left&#8220; enable_bg_pattern=&#8220;yes&#8220; row_background_text_position=&#8220;front&#8220; row_skin=&#8220;dark&#8220; css=&#8220;.vc_custom_1606217862967{margin-top: 12vh !important;margin-bottom: 12vh !important;padding-top: 40px !important;padding-bottom: 50px !important;}&#8220;][vc_column offset=&#8220;vc_col-lg-offset-0 vc_col-lg-12 vc_col-md-offset-0 vc_col-md-12 vc_col-sm-offset-0&#8243;]<div class=\"mkdf-elements-holder   mkdf-two-columns  mkdf-responsive-mode-1024 \" ><div class=\"mkdf-eh-item    \"  data-item-class=\"mkdf-eh-custom-9311\" data-1367-1600=\"0px 120px 8px 50px\" data-1025-1366=\"0px 21px 4px 40px\" data-769-1024=\"57px 260px 0 0px\" data-681-768=\"57px 120px 0 0px\" data-680=\"57px 0px 0 0px\">\n\t<div class=\"mkdf-eh-item-inner\">\n\t\t<div class=\"mkdf-eh-item-content mkdf-eh-custom-9311\" style=\"padding: 0px 90px 8px 80px\">\n\t\t\t<div class=\"mkdf-section-title-holder  mkdf-st-standard mkdf-st-title-left mkdf-st-normal-space \" >\n\t<div class=\"mkdf-st-inner\">\n                    <h6 class=\"mkdf-st-intro-title\" style=\"color: #565969\">\n                GRO\u00dfSERIENFERTIGUNG            <\/h6>\n        \t\t\t\t\t<h2 class=\"mkdf-st-title\" >\n\t\t\t\tAutomatische Applikationssysteme<br \/>\t\t\t<\/h2>\n\t\t\t\t\t\t\t<h5 class=\"mkdf-st-text\" style=\"color: #565969;font-size: 18px;line-height: 26px;font-weight: 400;margin-top: 21px\">\n\t\t\t\tDie patentierte SOMOMATIC AUTO KR.ONE-Maschine eignet sich perfekt f\u00fcr laufende Projekte und bietet eine erhebliche Arbeitsersparnis und Qualit\u00e4t beim Auftragen von Folien.<br \/>\nDas System kann mit austauschbaren Nestern und Programmen installiert werden, sodass mehrere Projekte mit derselben Maschine bedient werden k\u00f6nnen.<br \/>\nDie AUTO KR.ONE-Maschine ist mit verschiedenen Optionen erh\u00e4ltlich, einschlie\u00dflich Fernwartung \/ Neuprogrammierung.<br \/>\nF\u00fcr eine vollautomatisierte Linie bieten wir zus\u00e4tzlich einen Roboter mit Pick-and-Pack-Funktionalit\u00e4t an.\t\t\t<\/h5>\n\t\t\t<\/div>\n<\/div>[vc_empty_space]\t\t<\/div>\n\t<\/div>\n<\/div><div class=\"mkdf-eh-item    \"  data-item-class=\"mkdf-eh-custom-9305\" data-1367-1600=\"0px 10px 0 0px\" data-1025-1366=\"0px 0px 0 0px\" data-769-1024=\"0px 0px 0 0px\" data-681-768=\"0px 0px 0 0px\" data-680=\"0px 0px 0 0px\">\n\t<div class=\"mkdf-eh-item-inner\">\n\t\t<div class=\"mkdf-eh-item-content mkdf-eh-custom-9305\" style=\"padding: 0 0 0 0\">\n\t\t\t<div class=\"mkdf-single-image-holder   \">\n    <div class=\"mkdf-si-inner\" >\n                                    <img loading=\"lazy\" decoding=\"async\" width=\"800\" height=\"700\" src=\"https:\/\/somo-tec.de\/wp-content\/uploads\/2020\/12\/automatic-application-systems2.jpg\" class=\"attachment-full size-full\" alt=\"\" srcset=\"https:\/\/somo-tec.de\/wp-content\/uploads\/2020\/12\/automatic-application-systems2.jpg 800w, https:\/\/somo-tec.de\/wp-content\/uploads\/2020\/12\/automatic-application-systems2-300x263.jpg 300w, https:\/\/somo-tec.de\/wp-content\/uploads\/2020\/12\/automatic-application-systems2-768x672.jpg 768w, https:\/\/somo-tec.de\/wp-content\/uploads\/2020\/12\/automatic-application-systems2-600x525.jpg 600w\" sizes=\"auto, (max-width: 800px) 100vw, 800px\" \/>                        <\/div>\n<\/div>\t\t<\/div>\n\t<\/div>\n<\/div><\/div>[\/vc_column][\/vc_row][vc_row disable_element=&#8220;yes&#8220; row_content_width=&#8220;grid&#8220; row_btt_skin=&#8220;light&#8220; enable_bg_pattern=&#8220;yes&#8220; row_background_text_position=&#8220;front&#8220; row_skin=&#8220;dark&#8220; css=&#8220;.vc_custom_1607688084492{padding-top: 40px !important;padding-bottom: 50px !important;}&#8220;][vc_column offset=&#8220;vc_col-lg-offset-0 vc_col-lg-12 vc_col-md-offset-0 vc_col-md-12 vc_col-sm-offset-0&#8243;]<div class=\"mkdf-elements-holder   mkdf-two-columns  mkdf-responsive-mode-1024 \" ><div class=\"mkdf-eh-item    \"  data-item-class=\"mkdf-eh-custom-7711\" data-1367-1600=\"0px 10px 0 0px\" data-1025-1366=\"0px 0px 0 0px\" data-769-1024=\"0px 0px 0 0px\" data-681-768=\"0px 0px 0 0px\" data-680=\"0px 0px 0 0px\">\n\t<div class=\"mkdf-eh-item-inner\">\n\t\t<div class=\"mkdf-eh-item-content mkdf-eh-custom-7711\" style=\"padding: 0 0 0 0\">\n\t\t\t<div class=\"mkdf-single-image-holder   \">\n    <div class=\"mkdf-si-inner\" >\n                                    <img loading=\"lazy\" decoding=\"async\" width=\"800\" height=\"700\" src=\"https:\/\/somo-tec.de\/wp-content\/uploads\/2020\/11\/manual-application-systems.jpg\" class=\"attachment-full size-full\" alt=\"\" srcset=\"https:\/\/somo-tec.de\/wp-content\/uploads\/2020\/11\/manual-application-systems.jpg 800w, https:\/\/somo-tec.de\/wp-content\/uploads\/2020\/11\/manual-application-systems-300x263.jpg 300w, https:\/\/somo-tec.de\/wp-content\/uploads\/2020\/11\/manual-application-systems-768x672.jpg 768w\" sizes=\"auto, (max-width: 800px) 100vw, 800px\" \/>                        <\/div>\n<\/div>\t\t<\/div>\n\t<\/div>\n<\/div><div class=\"mkdf-eh-item   mkdf-horizontal-alignment-center \"  data-item-class=\"mkdf-eh-custom-8727\" data-1367-1600=\"0px 120px 8px 50px\" data-1025-1366=\"0px 21px 4px 40px\" data-769-1024=\"57px 260px 0 0px\" data-681-768=\"57px 120px 0 0px\" data-680=\"57px 0px 0 0px\">\n\t<div class=\"mkdf-eh-item-inner\">\n\t\t<div class=\"mkdf-eh-item-content mkdf-eh-custom-8727\" style=\"padding: 0px 90px 8px 80px\">\n\t\t\t<div class=\"mkdf-section-title-holder  mkdf-st-standard mkdf-st-title-left mkdf-st-normal-space \" style=\"text-align: center\">\n\t<div class=\"mkdf-st-inner\">\n        \t\t\t\t\t<h2 class=\"mkdf-st-title\" >\n\t\t\t\tSolutions and<br \/> Applications\t\t\t<\/h2>\n\t\t\t\t\t\t\t<h5 class=\"mkdf-st-text\" style=\"color: #565969;font-size: 18px;line-height: 26px;font-weight: 400;margin-top: 21px\">\n\t\t\t\tPlease challenge our application engineers by sending us your 3D drawings to develop a tailor-made film solution and application device.\t\t\t<\/h5>\n\t\t\t<\/div>\n<\/div>[vc_empty_space]\t\t<\/div>\n\t<\/div>\n<\/div><\/div>[\/vc_column][\/vc_row][vc_row row_content_width=&#8220;grid&#8220; row_btt_skin=&#8220;light&#8220; enable_bg_pattern=&#8220;yes&#8220; row_background_text_position=&#8220;front&#8220; row_skin=&#8220;dark&#8220; css=&#8220;.vc_custom_1607700257600{padding-top: 40px !important;padding-bottom: 50px !important;}&#8220;][vc_column offset=&#8220;vc_col-lg-offset-0 vc_col-lg-12 vc_col-md-offset-0 vc_col-md-12 vc_col-sm-offset-0&#8243;]<div class=\"mkdf-elements-holder   mkdf-two-columns  mkdf-responsive-mode-1024 mkdf-one-column-alignment-center\" ><div class=\"mkdf-eh-item   mkdf-horizontal-alignment-center \"  data-item-class=\"mkdf-eh-custom-7410\" data-1367-1600=\"0px 120px 8px 50px\" data-1025-1366=\"0px 21px 4px 40px\" data-769-1024=\"57px 260px 0 0px\" data-681-768=\"57px 120px 0 0px\" data-680=\"57px 0px 0 0px\">\n\t<div class=\"mkdf-eh-item-inner\">\n\t\t<div class=\"mkdf-eh-item-content mkdf-eh-custom-7410\" style=\"padding: 0px 90px 8px 80px\">\n\t\t\t<div class=\"mkdf-section-title-holder  mkdf-st-standard mkdf-st-title-left mkdf-st-normal-space \" style=\"text-align: center\">\n\t<div class=\"mkdf-st-inner\">\n        \t\t\t\t\t<h3 class=\"mkdf-st-title\" >\n\t\t\t\tL\u00f6sungen und Anwendungen<br \/>\t\t\t<\/h3>\n\t\t\t\t\t\t\t<h5 class=\"mkdf-st-text\" style=\"color: #565969;font-size: 20px;line-height: 26px;font-weight: 400;margin-top: 21px\">\n\t\t\t\tFordern Sie unsere Anwendungstechniker heraus, indem Sie uns Ihre 3D-Zeichnungen senden, um eine ma\u00dfgeschneiderte Folienl\u00f6sung und eine Applikationsvorrichtung zu entwickeln.\t\t\t<\/h5>\n\t\t\t<\/div>\n<\/div>[vc_empty_space]\t\t<\/div>\n\t<\/div>\n<\/div><\/div>[\/vc_column][\/vc_row][vc_row full_width=&#8220;stretch_row_content_no_spaces&#8220; equal_height=&#8220;yes&#8220; content_placement=&#8220;middle&#8220; row_btt_skin=&#8220;light&#8220; row_background_text_position=&#8220;front&#8220;][vc_column width=&#8220;2\/3&#8243; css=&#8220;.vc_custom_1608019064180{padding-top: 35px !important;padding-right: 50px !important;padding-bottom: 35px !important;padding-left: 50px !important;background-color: #055f87 !important;}&#8220;]<div class=\"mkdf-section-title-holder  mkdf-st-standard mkdf-st-title-left mkdf-st-normal-space \" style=\"text-align: right\">\n\t<div class=\"mkdf-st-inner\">\n        \t\t\t\t\t<h2 class=\"mkdf-st-title\" style=\"color: #ffffff\">\n\t\t\t\tInteressiert an unseren<br \/> Produkten und Leistungen?\t\t\t<\/h2>\n\t\t\t\t\t<\/div>\n<\/div>[\/vc_column][vc_column width=&#8220;1\/3&#8243; css=&#8220;.vc_custom_1608019410024{padding-top: 35px !important;padding-right: 50px !important;padding-bottom: 35px !important;padding-left: 50px !important;background-color: #c42127 !important;}&#8220;][vc_btn title=&#8220;Angebot einholen&#8220; style=&#8220;outline-custom&#8220; outline_custom_color=&#8220;#ffffff&#8220; outline_custom_hover_background=&#8220;&#8220; outline_custom_hover_text=&#8220;&#8220; shape=&#8220;square&#8220; size=&#8220;lg&#8220; link=&#8220;url:%2Fde%2Fangebot-einholen%2F|title:Angebot%20einholen&#8220;][\/vc_column][\/vc_row]<\/p>\n<\/div>","protected":false},"excerpt":{"rendered":"<p>[vc_row row_content_width=&#8220;grid&#8220; row_btt_skin=&#8220;light&#8220; enable_bg_pattern=&#8220;yes&#8220; row_background_text_position=&#8220;front&#8220; row_skin=&#8220;dark&#8220; css=&#8220;.vc_custom_1556099311357{padding-top: 40px !important;padding-bottom: 50px !important;}&#8220;][vc_column offset=&#8220;vc_col-lg-offset-0 vc_col-lg-12 vc_col-md-offset-0 vc_col-md-12 vc_col-sm-offset-0&#8243;][\/vc_column][\/vc_row][vc_row row_content_width=&#8220;grid&#8220; row_btt_skin=&#8220;light&#8220; content_text_aligment=&#8220;left&#8220; enable_bg_pattern=&#8220;yes&#8220; row_background_text_position=&#8220;front&#8220; row_skin=&#8220;dark&#8220; css=&#8220;.vc_custom_1606217862967{margin-top: 12vh !important;margin-bottom: 12vh !important;padding-top: 40px !important;padding-bottom: 50px !important;}&#8220;][vc_column offset=&#8220;vc_col-lg-offset-0 vc_col-lg-12 vc_col-md-offset-0 vc_col-md-12 vc_col-sm-offset-0&#8243;][\/vc_column][\/vc_row][vc_row disable_element=&#8220;yes&#8220; row_content_width=&#8220;grid&#8220; row_btt_skin=&#8220;light&#8220; enable_bg_pattern=&#8220;yes&#8220; [&hellip;]<\/p>\n","protected":false},"author":1,"featured_media":0,"parent":0,"menu_order":0,"comment_status":"closed","ping_status":"closed","template":"","meta":{"footnotes":""},"class_list":["post-7176","page","type-page","status-publish","hentry"],"_links":{"self":[{"href":"https:\/\/somo-tec.de\/de\/wp-json\/wp\/v2\/pages\/7176","targetHints":{"allow":["GET"]}}],"collection":[{"href":"https:\/\/somo-tec.de\/de\/wp-json\/wp\/v2\/pages"}],"about":[{"href":"https:\/\/somo-tec.de\/de\/wp-json\/wp\/v2\/types\/page"}],"author":[{"embeddable":true,"href":"https:\/\/somo-tec.de\/de\/wp-json\/wp\/v2\/users\/1"}],"replies":[{"embeddable":true,"href":"https:\/\/somo-tec.de\/de\/wp-json\/wp\/v2\/comments?post=7176"}],"version-history":[{"count":9,"href":"https:\/\/somo-tec.de\/de\/wp-json\/wp\/v2\/pages\/7176\/revisions"}],"predecessor-version":[{"id":7605,"href":"https:\/\/somo-tec.de\/de\/wp-json\/wp\/v2\/pages\/7176\/revisions\/7605"}],"wp:attachment":[{"href":"https:\/\/somo-tec.de\/de\/wp-json\/wp\/v2\/media?parent=7176"}],"curies":[{"name":"wp","href":"https:\/\/api.w.org\/{rel}","templated":true}]}}